{"id":10,"date":"2023-09-30T13:31:02","date_gmt":"2023-09-30T13:31:02","guid":{"rendered":"https:\/\/schilksee.info\/?page_id=10"},"modified":"2023-09-30T15:12:37","modified_gmt":"2023-09-30T15:12:37","slug":"datenschutz","status":"publish","type":"page","link":"https:\/\/schilksee.info\/?page_id=10","title":{"rendered":"Datenschutz"},"content":{"rendered":"\n<p><strong>Datenschutzerkl\u00e4rung<\/strong><\/p>\n\n\n\n<p>Wir freuen uns \u00fcber Ihr Interesse an unserer Webseite www.erfolgsevents.de (\u201eWebseite\u201c). Der Schutz Ihrer Privatsph\u00e4re und die gesetzeskonforme Erhebung, Verarbeitung und Nutzung Ihrer Daten ist uns ein besonderes Anliegen.Nachfolgend informieren wir Sie dar\u00fcber, welche Ihrer Daten wir auf der Webseite erheben und f\u00fcr welche Zwecke wir diese verarbeiten und nutzen.<\/p>\n\n\n\n<p>1.&nbsp;&nbsp;&nbsp;&nbsp;&nbsp;&nbsp;&nbsp;&nbsp;&nbsp;Verantwortlicher \/ Diensteanbieter<\/p>\n\n\n\n<p>Verantwortlicher gem\u00e4\u00df Art. 4 Abs. 7 Datenschutzgrundverordnung (nachfolgend \u201eDSGVO\u201c) und Diensteanbieter im Sinne des Telemediengesetzes ist<\/p>\n\n\n\n<p>Simone Schmidt, ErfolgsEvents, M\u00fcllerstr. 9, DE-70199 Stuttgart, eMail: info@erfolgsevents.de(nachfolgend \u201euns\u201coder \u201ewir\u201c).<\/p>\n\n\n\n<p>2.&nbsp;&nbsp;&nbsp;&nbsp;&nbsp;&nbsp;&nbsp;&nbsp;&nbsp;Datenerhebung, -verarbeitung und -nutzung bei Besuch unserer Webseite<\/p>\n\n\n\n<p>2.1.&nbsp;&nbsp;&nbsp;&nbsp; Bei der blo\u00df informatorischen Nutzung der Website, also wenn Sie sich nicht registrieren oder uns anderweitig Informationen \u00fcbermitteln, erheben wir nur die personenbezogenen Daten, die Ihr Browser an unseren Server \u00fcbermittelt. Wenn Sie unsere Website betrachten m\u00f6chten, erheben wir die folgenden Daten, die f\u00fcr uns technisch erforderlich sind, um Ihnen unsere Website anzuzeigen und die Stabilit\u00e4t und Sicherheit zu gew\u00e4hrleisten:<\/p>\n\n\n\n<p>\u2013 der Name Ihres Internet-Service-Providers,<\/p>\n\n\n\n<p>\u2013 die Ihnen zugewiesene IP-Adresse,<\/p>\n\n\n\n<p>\u2013 die Adresse der Internetseite, von der aus Sie unsere Webseite besuchen,- verwendeter Browser und ggf. das Betriebssystem Ihres Rechners,- die jeweils \u00fcbertragene Datenmenge- die von Ihnen besuchten Unterseiten unserer Webseite sowie- Datum und Uhrzeit Ihres Besuches auf unserer Webseite.<\/p>\n\n\n\n<p>2.2.&nbsp;&nbsp;&nbsp;&nbsp; Auf die Daten haben wir Zugriff sowie unser Host-Provider, dessen Server im Raum der europ\u00e4ischen Union stehen.<\/p>\n\n\n\n<p>2.3.&nbsp;&nbsp;&nbsp;&nbsp; Diese genannten Daten werden durch uns zu folgenden Zwecken verarbeitet:<\/p>\n\n\n\n<ul class=\"wp-block-list\">\n<li>Gew\u00e4hrleistung eines reibungslosen Verbindungsaufbaus der Website,<\/li>\n\n\n\n<li>Gew\u00e4hrleistung einer komfortablen Nutzung unserer Website,<\/li>\n<\/ul>\n\n\n\n<p>\u2013&nbsp; Auswertung der Systemsicherheit und -stabilit\u00e4t sowie<\/p>\n\n\n\n<p>\u2013&nbsp; zu weiteren administrativen Zwecken.<\/p>\n\n\n\n<p>2.4.&nbsp;&nbsp;&nbsp;&nbsp; Die Rechtsgrundlage f\u00fcr die Datenverarbeitung ist Art. 6 Abs. 1 S. 1 lit. f DSGVO. Unser berechtigtes Interesse folgt aus oben aufgelisteten Zwecken zur Datenerhebung.<\/p>\n\n\n\n<p>2.5.&nbsp;&nbsp;&nbsp;&nbsp; Dar\u00fcber hinaus setzen wir beim Besuch unserer Website Cookies ein. N\u00e4here Erl\u00e4uterungen dazu erhalten Sie unter den Ziff. 4 dieser Datenschutzerkl\u00e4rung.<\/p>\n\n\n\n<p>3.&nbsp;&nbsp;&nbsp;&nbsp;&nbsp;&nbsp;&nbsp;&nbsp;&nbsp;Datenerhebung, -verarbeitung und -nutzung bei Kontaktaufnahme<\/p>\n\n\n\n<p>3.1.&nbsp;&nbsp;&nbsp;&nbsp; Wir erheben Ihre Daten, wenn Sie uns diese im Rahmen einer Kontaktaufnahme z.B. per Kontaktformular oder E-Mail mitteilen. Die Verarbeitung und Nutzung Ihrer bei Kontaktaufnahme angegebenen Daten erfolgt ausschlie\u00dflich zum Zwecke der Beantwortung Ihres Anliegens und f\u00fcr etwaige Nachfragen. Die in diesem Zusammenhang anfallenden Daten l\u00f6schen wir, nachdem die Speicherung nicht mehr erforderlich ist, oder schr\u00e4nken die Verarbeitung ein, falls gesetzliche Aufbewahrungspflichten bestehen.<\/p>\n\n\n\n<p>3.2.&nbsp;&nbsp;&nbsp;&nbsp; Die Datenverarbeitung zum Zwecke der Kontaktaufnahme mit uns erfolgt nach Art. 6 Abs. 1 S. 1 lit. b oder f DSGVO.<\/p>\n\n\n\n<p>4.&nbsp;&nbsp;&nbsp;&nbsp;&nbsp;&nbsp;&nbsp;&nbsp;&nbsp;Cookies<\/p>\n\n\n\n<p>4.1.&nbsp;&nbsp;&nbsp;&nbsp;Beim ersten Besuch unserer Webseite von einem Ihrer Endger\u00e4te aus, werden Sie darauf hingewiesen, dass bei Nutzung der Webseite sogenannte Cookies auf Ihr Endger\u00e4t geladen werden k\u00f6nnen. Soweit Sie unsere Webseite nach dieser Information weiternutzen, erkl\u00e4ren Sie hierdurch Ihre Einwilligung zur Nutzung dauerhafter Cookies durch uns.<\/p>\n\n\n\n<p>4.2.&nbsp;&nbsp;&nbsp;&nbsp;Cookies sind alphanumerische Identifizierungszeichen, die bei Aufruf unserer Webseite auf die Festplatte Ihres Endger\u00e4ts \u00fcbermittelt werden. Diese erm\u00f6glichen es bei einem sp\u00e4teren Besuch der Webseite, Ihren Browser zu erkennen und dienen vor allem dazu, den Besuch der Webseite angenehmer und individueller zu gestalten, z.B. durch Erkennung der verwendeten Sprache sowie dazu die Webseite vor Hackerangriffen zu sch\u00fctzen.<\/p>\n\n\n\n<p>4.3.&nbsp;&nbsp;&nbsp;&nbsp;Diese Website nutzt folgende Arten von Cookies, deren Umfang und Funktionsweise im Folgenden erl\u00e4utert werden:<\/p>\n\n\n\n<p>-Transiente Cookies (dazu b)<\/p>\n\n\n\n<p>-Persistente Cookies (dazu c).<\/p>\n\n\n\n<p>4.4.&nbsp;&nbsp;&nbsp;&nbsp;Transiente Cookies werden automatisiert gel\u00f6scht, wenn Sie den Browser schlie\u00dfen. Dazu z\u00e4hlen insbesondere die Session-Cookies. Diese speichern eine sogenannte Session-ID, mit welcher sich verschiedene Anfragen Ihres Browsers der gemeinsamen Sitzung zuordnen lassen. Dadurch kann Ihr Rechner wiedererkannt werden, wenn Sie auf unsere Website zur\u00fcckkehren. Die Session-Cookies werden gel\u00f6scht, wenn Sie sich ausloggen oder den Browser schlie\u00dfen.<\/p>\n\n\n\n<p>4.5.&nbsp;&nbsp;&nbsp;&nbsp;Von uns verwendete persistente Cookies werden automatisiert nach einer vorgegebenen Dauer gel\u00f6scht, die sich je nach Cookie unterscheiden kann. Sie k\u00f6nnen die Cookies in den Sicherheitseinstellungen Ihres Browsers jederzeit l\u00f6schen. Die Hilfe-Funktion in der Men\u00fcleiste der meisten Webbrowser erkl\u00e4rt Ihnen, wie Sie Ihren Browser so einrichten, dass neue Cookies nie akzeptiert, Cookies nur nach Hinweis und durch Sie oder aber immer automatisch gesetzt werden.<\/p>\n\n\n\n<p>4.6.&nbsp;&nbsp;&nbsp;&nbsp;Sie k\u00f6nnen Ihre Browser-Einstellungen entsprechend Ihren W\u00fcnschen konfigurieren und z.\u2009B. die Annahme von Third-Party-Cookies oder allen Cookies ablehnen. Wir weisen Sie darauf hin, dass Sie eventuell nicht alle Funktionen dieser Website nutzen k\u00f6nnen.<\/p>\n\n\n\n<p>4.7.&nbsp;&nbsp;&nbsp;&nbsp;Die durch Cookies verarbeiteten Daten sind f\u00fcr die genannten Zwecke zur Wahrung unserer berechtigten Interessen sowie der Dritter nach Art.&nbsp;6 Abs.&nbsp;1 S.&nbsp;1 lit.&nbsp;a oder f DSGVO erforderlich.<\/p>\n\n\n\n<p>5.&nbsp;&nbsp;&nbsp;&nbsp;&nbsp;&nbsp;&nbsp;&nbsp;&nbsp;Weitergabe von Daten<\/p>\n\n\n\n<p>5.1.&nbsp;&nbsp;&nbsp;&nbsp;Eine \u00dcbermittlung Ihrer pers\u00f6nlichen Daten an Dritte zu anderen als den im Folgenden aufgef\u00fchrten Zwecken findet nicht statt.<\/p>\n\n\n\n<p>5.2.&nbsp;&nbsp;&nbsp;&nbsp;Wir geben Ihre pers\u00f6nlichen Daten nur an Dritte weiter, wenn:<\/p>\n\n\n\n<p>\u2013&nbsp; Sie Ihre nach Art. 6 Abs. 1 S. 1 lit. a DSGVO ausdr\u00fcckliche Einwilligung dazu erteilt haben,<\/p>\n\n\n\n<p>\u2013&nbsp; die Weitergabe nach Art. 6 Abs. 1 S. 1 lit. f DSGVO zur Geltendmachung, Aus\u00fcbung oder Verteidigung von Rechtsanspr\u00fcchen erforderlich ist und kein Grund zur Annahme besteht, dass Sie ein \u00fcberwiegendes schutzw\u00fcrdiges Interesse an der Nichtweitergabe Ihrer Daten haben,<\/p>\n\n\n\n<p>\u2013&nbsp; f\u00fcr den Fall, dass f\u00fcr die Weitergabe nach Art. 6 Abs. 1 S. 1 lit. c DSGVO eine gesetzliche Verpflichtung besteht, sowie<\/p>\n\n\n\n<p>\u2013&nbsp; dies gesetzlich zul\u00e4ssig und nach Art. 6 Abs. 1 S. 1 lit. b DSGVO f\u00fcr die Abwicklung von Vertragsverh\u00e4ltnissen mit Ihnen erforderlich ist.<\/p>\n\n\n\n<p>6.&nbsp;&nbsp;&nbsp;&nbsp;&nbsp;&nbsp;&nbsp;&nbsp;&nbsp;Links zu anderen Webseiten<\/p>\n\n\n\n<p>Unsere Webseite enth\u00e4lt Links zu Webseiten Dritter.Bei Bet\u00e4tigen eines solchen Links, haben wir leider keinen Einfluss mehr auf die Erhebung, Verarbeitung und Nutzung Ihrer Daten durch Dritte. Aus diesem Grunde k\u00f6nnen wir hierf\u00fcr leider keine Verantwortung \u00fcbernehmen. Dies gilt insbesondere f\u00fcr Verlinkungen auf soziale Netzwerke.7.&nbsp;&nbsp;&nbsp;&nbsp;&nbsp;&nbsp;&nbsp;&nbsp;&nbsp;Betroffenenrechte<\/p>\n\n\n\n<p>Sie haben das Recht:<\/p>\n\n\n\n<p>\u2013&nbsp; gem\u00e4\u00df Art. 15 DSGVO Auskunft \u00fcber Ihre von uns verarbeiteten personenbezogenen Daten zu verlangen. Insbesondere k\u00f6nnen Sie Auskunft \u00fcber die Verarbeitungszwecke, die Kategorie der personenbezogenen Daten, die Kategorien von Empf\u00e4ngern, gegen\u00fcber denen Ihre Daten offengelegt wurden oder werden, die geplante Speicherdauer, das Bestehen eines Rechts auf Berichtigung, L\u00f6schung, Einschr\u00e4nkung der Verarbeitung oder Widerspruch, das Bestehen eines Beschwerderechts, die Herkunft ihrer Daten, sofern diese nicht bei uns erhoben wurden, sowie \u00fcber das Bestehen einer automatisierten Entscheidungsfindung einschlie\u00dflich Profiling und ggf. aussagekr\u00e4ftigen Informationen zu deren Einzelheiten verlangen;<\/p>\n\n\n\n<p>\u2013&nbsp; gem\u00e4\u00df Art. 16 DSGVO unverz\u00fcglich die Berichtigung unrichtiger oder Vervollst\u00e4ndigung Ihrer bei uns gespeicherten personenbezogenen Daten zu verlangen;<\/p>\n\n\n\n<p>\u2013&nbsp; gem\u00e4\u00df Art. 17 DSGVO die L\u00f6schung Ihrer bei uns gespeicherten personenbezogenen Daten zu verlangen, soweit nicht die Verarbeitung zur Aus\u00fcbung des Rechts auf freie Meinungs\u00e4u\u00dferung und Information, zur Erf\u00fcllung einer rechtlichen Verpflichtung, ausGr\u00fcnden des \u00f6ffentlichen Interesses oder zur Geltendmachung, Aus\u00fcbung oder Verteidigung von Rechtsanspr\u00fcchen erforderlich ist;<\/p>\n\n\n\n<p>\u2013&nbsp; gem\u00e4\u00df Art. 18 DSGVO die Einschr\u00e4nkung der Verarbeitung Ihrer personenbezogenen Daten zu verlangen, soweit die Richtigkeit der Daten von Ihnen bestritten wird, die Verarbeitung unrechtm\u00e4\u00dfig ist, Sie aber deren L\u00f6schung ablehnen und wir die Daten nicht mehr ben\u00f6tigen, Sie jedoch diese zur Geltendmachung, Aus\u00fcbung oder Verteidigung von Rechtsanspr\u00fcchen ben\u00f6tigen oder Sie gem\u00e4\u00df Art. 21 DSGVO Widerspruch gegen die Verarbeitung eingelegt haben;<\/p>\n\n\n\n<p>\u2013&nbsp; gem\u00e4\u00df Art. 20 DSGVO Ihre personenbezogenen Daten, die Sie uns bereitgestellt haben, in einem strukturierten, g\u00e4ngigen und maschinenlesebaren Format zu erhalten oder die \u00dcbermittlung an einen anderen Verantwortlichen zu verlangen;<\/p>\n\n\n\n<p>\u2013&nbsp; gem\u00e4\u00df Art. 7 Abs. 3 DSGVO Ihre einmal erteilte Einwilligung jederzeit gegen\u00fcber uns zu widerrufen. Dies hat zur Folge, dass wir die Datenverarbeitung, die auf dieser Einwilligung beruhte, f\u00fcr die Zukunft nicht mehr fortf\u00fchren d\u00fcrfen und<\/p>\n\n\n\n<p>\u2013&nbsp; gem\u00e4\u00df Art. 77 DSGVO sich bei einer Aufsichtsbeh\u00f6rde zu beschweren. In der Regel k\u00f6nnen Sie sich hierf\u00fcr an die Aufsichtsbeh\u00f6rde Ihres \u00fcblichen Aufenthaltsortes oder Arbeitsplatzes oder unseres Kanzleisitzes wenden.<\/p>\n\n\n\n<p>8.&nbsp;&nbsp;&nbsp;&nbsp;&nbsp;&nbsp;&nbsp;&nbsp;&nbsp;Widerspruchsrecht<\/p>\n\n\n\n<p>Sofern Ihre personenbezogenen Daten auf Grundlage von berechtigten Interessen gem\u00e4\u00df Art. 6 Abs. 1 S. 1 lit. f DSGVO verarbeitet werden, haben Sie das Recht, gem\u00e4\u00df Art. 21 DSGVO Widerspruch gegen die Verarbeitung Ihrer personenbezogenen Daten einzulegen, soweit daf\u00fcr Gr\u00fcnde vorliegen, die sich aus Ihrer besonderen Situation ergeben.M\u00f6chten Sie von Ihrem Widerspruchsrecht Gebrauch machen, schreiben Sie bitte an:<\/p>\n\n\n\n<p>Simone Schmidt  ErfolgsEvents  Emerholzweg 31 70439 Stuttgart eMail: info@erfolgsevents.de<\/p>\n","protected":false},"excerpt":{"rendered":"<p>Datenschutzerkl\u00e4rung Wir freuen uns \u00fcber Ihr Interesse an unserer Webseite www.erfolgsevents.de (\u201eWebseite\u201c). Der Schutz Ihrer Privatsph\u00e4re und die gesetzeskonforme Erhebung, Verarbeitung und Nutzung Ihrer Daten ist uns ein besonderes Anliegen.Nachfolgend informieren wir Sie dar\u00fcber, welche Ihrer Daten wir auf der Webseite erheben und f\u00fcr welche Zwecke wir diese verarbeiten und nutzen. 1.&nbsp;&nbsp;&nbsp;&nbsp;&nbsp;&nbsp;&nbsp;&nbsp;&nbsp;Verantwortlicher \/ Diensteanbieter Verantwortlicher [&hellip;]<\/p>\n","protected":false},"author":1,"featured_media":0,"parent":0,"menu_order":0,"comment_status":"closed","ping_status":"closed","template":"","meta":{"footnotes":""},"class_list":["post-10","page","type-page","status-publish","czr-hentry"],"_links":{"self":[{"href":"https:\/\/schilksee.info\/index.php?rest_route=\/wp\/v2\/pages\/10","targetHints":{"allow":["GET"]}}],"collection":[{"href":"https:\/\/schilksee.info\/index.php?rest_route=\/wp\/v2\/pages"}],"about":[{"href":"https:\/\/schilksee.info\/index.php?rest_route=\/wp\/v2\/types\/page"}],"author":[{"embeddable":true,"href":"https:\/\/schilksee.info\/index.php?rest_route=\/wp\/v2\/users\/1"}],"replies":[{"embeddable":true,"href":"https:\/\/schilksee.info\/index.php?rest_route=%2Fwp%2Fv2%2Fcomments&post=10"}],"version-history":[{"count":2,"href":"https:\/\/schilksee.info\/index.php?rest_route=\/wp\/v2\/pages\/10\/revisions"}],"predecessor-version":[{"id":60,"href":"https:\/\/schilksee.info\/index.php?rest_route=\/wp\/v2\/pages\/10\/revisions\/60"}],"wp:attachment":[{"href":"https:\/\/schilksee.info\/index.php?rest_route=%2Fwp%2Fv2%2Fmedia&parent=10"}],"curies":[{"name":"wp","href":"https:\/\/api.w.org\/{rel}","templated":true}]}}