{"id":11,"date":"2023-09-30T13:31:02","date_gmt":"2023-09-30T13:31:02","guid":{"rendered":"https:\/\/schilksee.info\/?page_id=11"},"modified":"2025-09-16T13:41:31","modified_gmt":"2025-09-16T13:41:31","slug":"ein-toller-ausblick","status":"publish","type":"page","link":"https:\/\/schilksee.info\/?page_id=11","title":{"rendered":"Ein toller Ausblick"},"content":{"rendered":"\n<div class=\"wp-block-columns are-vertically-aligned-center is-layout-flex wp-container-core-columns-is-layout-9d6595d7 wp-block-columns-is-layout-flex\">\n<div class=\"wp-block-column is-vertically-aligned-center is-layout-flow wp-block-column-is-layout-flow\" style=\"flex-basis:100%\">\n<figure class=\"wp-block-image size-large is-resized\"><img loading=\"lazy\" decoding=\"async\" width=\"1024\" height=\"768\" src=\"https:\/\/schilksee.info\/wp-content\/uploads\/2025\/09\/IMG_3587-1024x768.jpeg\" alt=\"\" class=\"wp-image-91\" style=\"width:651px;height:488px\" srcset=\"https:\/\/schilksee.info\/wp-content\/uploads\/2025\/09\/IMG_3587-1024x768.jpeg 1024w, https:\/\/schilksee.info\/wp-content\/uploads\/2025\/09\/IMG_3587-300x225.jpeg 300w, https:\/\/schilksee.info\/wp-content\/uploads\/2025\/09\/IMG_3587-768x576.jpeg 768w, https:\/\/schilksee.info\/wp-content\/uploads\/2025\/09\/IMG_3587-1536x1152.jpeg 1536w, https:\/\/schilksee.info\/wp-content\/uploads\/2025\/09\/IMG_3587-2048x1536.jpeg 2048w\" sizes=\"auto, (max-width: 1024px) 100vw, 1024px\" \/><\/figure>\n<\/div>\n<\/div>\n\n\n\n<p><\/p>\n\n\n\n<p><\/p>\n\n\n\n<p>Ort und Lage der Unterkunft<br>Die Wohnung befindet sich in einer ruhigen Appartementanlage in unmittelbarer N\u00e4he zum Olympiahafen, 24159 Kiel-Schilksee. 3 Min. von dort entfernt finden Sie Restaurants (Italiener, elM\u00f6venschiss oder z. B. Das Kaisers in Strande), ein tolles Eiscafe, 2 Segelausstatter und Einkaufsm\u00f6glichkeiten. Der kurtaxenfreie Sandstrand mit Strandkorbvermietung befindet sich 150 m entfernt. Das Schilkseer Schwimmbad ist 50 m entfernt.<\/p>\n\n\n\n<p>Nautischen Koordinaten: Olympiahafen Schilksee 54\u00b026,0\u2019N 10\u00b010,3\u2019E<\/p>\n\n\n\n<figure class=\"wp-block-image size-large is-resized\"><img loading=\"lazy\" decoding=\"async\" width=\"1024\" height=\"685\" src=\"https:\/\/schilksee.info\/wp-content\/uploads\/2023\/09\/image-11-1024x685.jpeg\" alt=\"\" class=\"wp-image-45\" style=\"width:620px;height:415px\" srcset=\"https:\/\/schilksee.info\/wp-content\/uploads\/2023\/09\/image-11-1024x685.jpeg 1024w, https:\/\/schilksee.info\/wp-content\/uploads\/2023\/09\/image-11-300x201.jpeg 300w, https:\/\/schilksee.info\/wp-content\/uploads\/2023\/09\/image-11-768x514.jpeg 768w, https:\/\/schilksee.info\/wp-content\/uploads\/2023\/09\/image-11-1536x1028.jpeg 1536w, https:\/\/schilksee.info\/wp-content\/uploads\/2023\/09\/image-11.jpeg 1793w\" sizes=\"auto, (max-width: 1024px) 100vw, 1024px\" \/><\/figure>\n\n\n\n<p>Ihre Urlaubsm\u00f6glichkeiten sind u.a.<br>Strandspazierg\u00e4nge, Schiffsfahrten oder Segelt\u00f6rns \u00fcber die Kieler F\u00f6rde, vom Schwedenkai (Anleger Stena-Line) im Hafen Kiels oder Ausfl\u00fcge zum Nord-Ostsee-Kanal. Schilksee bietet einen optimalen Ausgangspunkt f\u00fcr einen erholsamen Urlaub.<\/p>\n\n\n\n<p>Kiel-Schilksee in der Kieler Bucht, Schleswig-Holstein, Deutschland<br>Schilksee ist der n\u00f6rdlichste Stadtteil von Kiel, am Ausgang der Kieler F\u00f6rde, wo Sie hautnah am Segelgeschehen dabei sind. Im Sommer ein beliebter Ausflugsort, da dann die \u201eF\u00f6rdebusse\u201c direkt den Anleger im Olympiahafen anlaufen. Mit ihnen kann man die ganze Kieler F\u00f6rde entdecken. Herrlich, wenn die gro\u00dfen Kreuzfahrer an einem vorbei ziehen. Nicht zu vergessen die \u201eKieler Woche\u201c. Aber auch Golfen auf dem 5 km entfernten Golfplatz \u201eUhlenhorst\u201c ist m\u00f6glich. Die Uferpromenaden und die nahegelegene Steilk\u00fcste laden zu Spazierg\u00e4ngen ein. Ganz in der N\u00e4he der Wohnanlage fahren die Busse regelm\u00e4\u00dfig nach Kiel-Zentrum. Somit ist auch ein Urlaub ganz ohne Auto m\u00f6glich.<\/p>\n\n\n\n<p>Anreise und Entfernungen<br>Entfernung zum n\u00e4chsten Flughafen: Hamburg \u2013 100 km<br>Entfernung zum n\u00e4chsten Bahnhof: Kiel \u2013 15 km<br>Entfernung zur n\u00e4chsten Abfahrt: Kiel Zentrum \u2013 15 km<br>Entfernung zum n\u00e4chsten Gesch\u00e4ft: 0.1 km<\/p>\n\n\n\n<p>Sportm\u00f6glichkeiten in der Umgebung<br>Angeln, Fahrradfahren, Golf, Reiten, Schwimmen, Segelfliegen, Segeln, Tennis oder Wandern.<\/p>\n","protected":false},"excerpt":{"rendered":"<p>Ort und Lage der UnterkunftDie Wohnung befindet sich in einer ruhigen Appartementanlage in unmittelbarer N\u00e4he zum Olympiahafen, 24159 Kiel-Schilksee. 3 Min. von dort entfernt finden Sie Restaurants (Italiener, elM\u00f6venschiss oder z. B. Das Kaisers in Strande), ein tolles Eiscafe, 2 Segelausstatter und Einkaufsm\u00f6glichkeiten. Der kurtaxenfreie Sandstrand mit Strandkorbvermietung befindet sich 150 m entfernt. Das Schilkseer [&hellip;]<\/p>\n","protected":false},"author":1,"featured_media":0,"parent":0,"menu_order":0,"comment_status":"closed","ping_status":"closed","template":"","meta":{"footnotes":""},"class_list":["post-11","page","type-page","status-publish","czr-hentry"],"_links":{"self":[{"href":"https:\/\/schilksee.info\/index.php?rest_route=\/wp\/v2\/pages\/11","targetHints":{"allow":["GET"]}}],"collection":[{"href":"https:\/\/schilksee.info\/index.php?rest_route=\/wp\/v2\/pages"}],"about":[{"href":"https:\/\/schilksee.info\/index.php?rest_route=\/wp\/v2\/types\/page"}],"author":[{"embeddable":true,"href":"https:\/\/schilksee.info\/index.php?rest_route=\/wp\/v2\/users\/1"}],"replies":[{"embeddable":true,"href":"https:\/\/schilksee.info\/index.php?rest_route=%2Fwp%2Fv2%2Fcomments&post=11"}],"version-history":[{"count":3,"href":"https:\/\/schilksee.info\/index.php?rest_route=\/wp\/v2\/pages\/11\/revisions"}],"predecessor-version":[{"id":93,"href":"https:\/\/schilksee.info\/index.php?rest_route=\/wp\/v2\/pages\/11\/revisions\/93"}],"wp:attachment":[{"href":"https:\/\/schilksee.info\/index.php?rest_route=%2Fwp%2Fv2%2Fmedia&parent=11"}],"curies":[{"name":"wp","href":"https:\/\/api.w.org\/{rel}","templated":true}]}}