{"id":5,"date":"2023-09-30T13:25:32","date_gmt":"2023-09-30T13:25:32","guid":{"rendered":"https:\/\/schilksee.info\/?page_id=5"},"modified":"2023-09-30T15:08:55","modified_gmt":"2023-09-30T15:08:55","slug":"willkommen-auf-https-schilksee-info","status":"publish","type":"page","link":"https:\/\/schilksee.info\/","title":{"rendered":"Willkommen auf https:\/\/schilksee.info"},"content":{"rendered":"\n<p>hier pr\u00e4sentiere ich Ihnen mein kleines, wundersch\u00f6nes Appartement in Kiel, Schilksee.<br>Es befindet sich im Hotel Olympia, direkt an der Ostsee.<\/p>\n\n\n\n<p>Auf den folgenden Seiten k\u00f6nnen Sie sich ein Bild machen.<\/p>\n\n\n\n<p>Viel Spa\u00df<\/p>\n","protected":false},"excerpt":{"rendered":"<p>hier pr\u00e4sentiere ich Ihnen mein kleines, wundersch\u00f6nes Appartement in Kiel, Schilksee.Es befindet sich im Hotel Olympia, direkt an der Ostsee. Auf den folgenden Seiten k\u00f6nnen Sie sich ein Bild machen. Viel Spa\u00df<\/p>\n","protected":false},"author":1,"featured_media":0,"parent":0,"menu_order":0,"comment_status":"closed","ping_status":"open","template":"","meta":{"footnotes":""},"class_list":["post-5","page","type-page","status-publish","czr-hentry"],"_links":{"self":[{"href":"https:\/\/schilksee.info\/index.php?rest_route=\/wp\/v2\/pages\/5","targetHints":{"allow":["GET"]}}],"collection":[{"href":"https:\/\/schilksee.info\/index.php?rest_route=\/wp\/v2\/pages"}],"about":[{"href":"https:\/\/schilksee.info\/index.php?rest_route=\/wp\/v2\/types\/page"}],"author":[{"embeddable":true,"href":"https:\/\/schilksee.info\/index.php?rest_route=\/wp\/v2\/users\/1"}],"replies":[{"embeddable":true,"href":"https:\/\/schilksee.info\/index.php?rest_route=%2Fwp%2Fv2%2Fcomments&post=5"}],"version-history":[{"count":1,"href":"https:\/\/schilksee.info\/index.php?rest_route=\/wp\/v2\/pages\/5\/revisions"}],"predecessor-version":[{"id":57,"href":"https:\/\/schilksee.info\/index.php?rest_route=\/wp\/v2\/pages\/5\/revisions\/57"}],"wp:attachment":[{"href":"https:\/\/schilksee.info\/index.php?rest_route=%2Fwp%2Fv2%2Fmedia&parent=5"}],"curies":[{"name":"wp","href":"https:\/\/api.w.org\/{rel}","templated":true}]}}