{"id":8,"date":"2023-09-30T13:31:02","date_gmt":"2023-09-30T13:31:02","guid":{"rendered":"https:\/\/schilksee.info\/?page_id=8"},"modified":"2025-09-16T13:53:44","modified_gmt":"2025-09-16T13:53:44","slug":"appartement-mit-seeblick","status":"publish","type":"page","link":"https:\/\/schilksee.info\/?page_id=8","title":{"rendered":"Appartement mit Seeblick"},"content":{"rendered":"\n<p>Das gut ausgestattete Appartement (27,4 qm) liegt in der 8. Etage (Nr. 810) einer ruhigen Appartementanlage im Hotel Olympia, direkt im Olympiazentrum Kiel-Schilksee. Genie\u00dfen Sie die N\u00e4he zur Ostsee, zum kurtaxenfreien Sandstrand und das maritime Ambiente und Seglersportparadies. Es gibt ein fu\u00dfl\u00e4ufiges Schwimmbad, eine Einkaufsm\u00f6glichkeit, Segelausstatter, das Eiscaf\u00e9 Venezia und andere Gastronomie (Ristorante Pizzeria Italia, elM\u00f6venschiss, Das Kaisers in Strande, etc.) sowie eine gute Nahverkehrsanbindung nach Kiel-City. Eine Parkm\u00f6glichkeit ist auch im abgesperrten Bereich (Schrankensperre) links neben dem Geb\u00e4ude f\u00fcr Sie vorhanden! Besonders in der Sommersaison und w\u00e4hrend der Kieler Woche ist das sehr wichtig und angenehm.<\/p>\n\n\n\n<p>Das Appartement bietet Platz f\u00fcr 2 Personen. Im renovierten Wohn- Schlafbereich befindet sich die gut ausgestattete Pantry (2-Plattenherd\/Ceranfeld, K\u00fchlschrank mit Gefrierfach, Mikrowelle und Geschirr &amp; Besteck, , mit einer Essm\u00f6glichkeit und bequemes Schlafsofa f\u00fcr 2 Personen. Es ist ein Fernseher (Kabelfernsehen) und ein Radio-CD-Player vorhanden sowie SW-Balkon mit Sitzm\u00f6glichkeiten und Wetterschutzverglasung. Genie\u00dfen Sie von hier aus den Premiumblick auf den Olympiahafen und auf die Kieler Bucht. Das Bad ist mit WC und Dusche ausgestattet. Nach Absprache halten wir Handt\u00fccher und Bettzeug f\u00fcr Sie bereit.<\/p>\n\n\n\n<p>Sie haben die M\u00f6glichkeit im Hotel, angrenzend an dem Foyerbereich (wurde 2015 erst renoviert), eine Waschmaschine und einen Trockner mit M\u00fcnzgeld zu benutzen. Im Appartement gibt es LTE-Empfang oder auch WLAN-Empfang im Foyerbereich des Geb\u00e4udes.<\/p>\n\n\n\n<figure class=\"wp-block-image size-large is-resized\"><img loading=\"lazy\" decoding=\"async\" width=\"768\" height=\"1024\" src=\"https:\/\/schilksee.info\/wp-content\/uploads\/2025\/09\/IMG_7029-768x1024.jpeg\" alt=\"\" class=\"wp-image-94\" style=\"width:471px;height:auto\" srcset=\"https:\/\/schilksee.info\/wp-content\/uploads\/2025\/09\/IMG_7029-768x1024.jpeg 768w, https:\/\/schilksee.info\/wp-content\/uploads\/2025\/09\/IMG_7029-225x300.jpeg 225w, https:\/\/schilksee.info\/wp-content\/uploads\/2025\/09\/IMG_7029-1152x1536.jpeg 1152w, https:\/\/schilksee.info\/wp-content\/uploads\/2025\/09\/IMG_7029-1536x2048.jpeg 1536w, https:\/\/schilksee.info\/wp-content\/uploads\/2025\/09\/IMG_7029-scaled.jpeg 1920w\" sizes=\"auto, (max-width: 768px) 100vw, 768px\" \/><\/figure>\n\n\n\n<figure class=\"wp-block-gallery has-nested-images columns-default is-cropped wp-block-gallery-1 is-layout-flex wp-block-gallery-is-layout-flex\">\n<figure class=\"wp-block-image size-large is-resized\"><img loading=\"lazy\" decoding=\"async\" width=\"1024\" height=\"685\" data-id=\"49\" src=\"https:\/\/schilksee.info\/wp-content\/uploads\/2023\/09\/image-15-1024x685.jpeg\" alt=\"\" class=\"wp-image-49\" style=\"width:472px;height:316px\" srcset=\"https:\/\/schilksee.info\/wp-content\/uploads\/2023\/09\/image-15-1024x685.jpeg 1024w, https:\/\/schilksee.info\/wp-content\/uploads\/2023\/09\/image-15-300x201.jpeg 300w, https:\/\/schilksee.info\/wp-content\/uploads\/2023\/09\/image-15-768x514.jpeg 768w, https:\/\/schilksee.info\/wp-content\/uploads\/2023\/09\/image-15-1536x1028.jpeg 1536w, https:\/\/schilksee.info\/wp-content\/uploads\/2023\/09\/image-15.jpeg 1793w\" sizes=\"auto, (max-width: 1024px) 100vw, 1024px\" \/><\/figure>\n<\/figure>\n\n\n\n<figure class=\"wp-block-image size-large is-resized\"><img loading=\"lazy\" decoding=\"async\" width=\"1024\" height=\"768\" src=\"https:\/\/schilksee.info\/wp-content\/uploads\/2025\/09\/IMG_7024-1024x768.jpeg\" alt=\"\" class=\"wp-image-97\" style=\"width:471px;height:auto\" srcset=\"https:\/\/schilksee.info\/wp-content\/uploads\/2025\/09\/IMG_7024-1024x768.jpeg 1024w, https:\/\/schilksee.info\/wp-content\/uploads\/2025\/09\/IMG_7024-300x225.jpeg 300w, https:\/\/schilksee.info\/wp-content\/uploads\/2025\/09\/IMG_7024-768x576.jpeg 768w, https:\/\/schilksee.info\/wp-content\/uploads\/2025\/09\/IMG_7024-1536x1152.jpeg 1536w, https:\/\/schilksee.info\/wp-content\/uploads\/2025\/09\/IMG_7024-2048x1536.jpeg 2048w\" sizes=\"auto, (max-width: 1024px) 100vw, 1024px\" \/><\/figure>\n\n\n\n<figure class=\"wp-block-image size-large is-resized\"><img loading=\"lazy\" decoding=\"async\" width=\"1024\" height=\"685\" src=\"https:\/\/schilksee.info\/wp-content\/uploads\/2023\/09\/image-16-1024x685.jpeg\" alt=\"\" class=\"wp-image-50\" style=\"width:469px;height:auto\" srcset=\"https:\/\/schilksee.info\/wp-content\/uploads\/2023\/09\/image-16-1024x685.jpeg 1024w, https:\/\/schilksee.info\/wp-content\/uploads\/2023\/09\/image-16-300x201.jpeg 300w, https:\/\/schilksee.info\/wp-content\/uploads\/2023\/09\/image-16-768x514.jpeg 768w, https:\/\/schilksee.info\/wp-content\/uploads\/2023\/09\/image-16-1536x1028.jpeg 1536w, https:\/\/schilksee.info\/wp-content\/uploads\/2023\/09\/image-16.jpeg 1793w\" sizes=\"auto, (max-width: 1024px) 100vw, 1024px\" \/><\/figure>\n","protected":false},"excerpt":{"rendered":"<p>Das gut ausgestattete Appartement (27,4 qm) liegt in der 8. Etage (Nr. 810) einer ruhigen Appartementanlage im Hotel Olympia, direkt im Olympiazentrum Kiel-Schilksee. Genie\u00dfen Sie die N\u00e4he zur Ostsee, zum kurtaxenfreien Sandstrand und das maritime Ambiente und Seglersportparadies. Es gibt ein fu\u00dfl\u00e4ufiges Schwimmbad, eine Einkaufsm\u00f6glichkeit, Segelausstatter, das Eiscaf\u00e9 Venezia und andere Gastronomie (Ristorante Pizzeria Italia, [&hellip;]<\/p>\n","protected":false},"author":1,"featured_media":0,"parent":0,"menu_order":0,"comment_status":"closed","ping_status":"closed","template":"","meta":{"footnotes":""},"class_list":["post-8","page","type-page","status-publish","czr-hentry"],"_links":{"self":[{"href":"https:\/\/schilksee.info\/index.php?rest_route=\/wp\/v2\/pages\/8","targetHints":{"allow":["GET"]}}],"collection":[{"href":"https:\/\/schilksee.info\/index.php?rest_route=\/wp\/v2\/pages"}],"about":[{"href":"https:\/\/schilksee.info\/index.php?rest_route=\/wp\/v2\/types\/page"}],"author":[{"embeddable":true,"href":"https:\/\/schilksee.info\/index.php?rest_route=\/wp\/v2\/users\/1"}],"replies":[{"embeddable":true,"href":"https:\/\/schilksee.info\/index.php?rest_route=%2Fwp%2Fv2%2Fcomments&post=8"}],"version-history":[{"count":4,"href":"https:\/\/schilksee.info\/index.php?rest_route=\/wp\/v2\/pages\/8\/revisions"}],"predecessor-version":[{"id":100,"href":"https:\/\/schilksee.info\/index.php?rest_route=\/wp\/v2\/pages\/8\/revisions\/100"}],"wp:attachment":[{"href":"https:\/\/schilksee.info\/index.php?rest_route=%2Fwp%2Fv2%2Fmedia&parent=8"}],"curies":[{"name":"wp","href":"https:\/\/api.w.org\/{rel}","templated":true}]}}